{"id":17,"date":"2012-08-27T21:00:55","date_gmt":"2012-08-27T21:00:55","guid":{"rendered":"http:\/\/mh3.cz\/?page_id=17"},"modified":"2013-10-04T17:26:14","modified_gmt":"2013-10-04T17:26:14","slug":"sluzby-2","status":"publish","type":"page","link":"http:\/\/mh3.cz\/?page_id=17","title":{"rendered":"Slu\u017eby"},"content":{"rendered":"<p>N\u00e1vrhy v oblasti designu interi\u00e9r\u016f&#8230;<\/p>\n","protected":false},"excerpt":{"rendered":"<p>N\u00e1vrhy v oblasti designu interi\u00e9r\u016f&#8230;<\/p>\n","protected":false},"author":1,"featured_media":0,"parent":0,"menu_order":2,"comment_status":"closed","ping_status":"closed","template":"","meta":{"footnotes":""},"class_list":["post-17","page","type-page","status-publish","hentry"],"_links":{"self":[{"href":"http:\/\/mh3.cz\/index.php?rest_route=\/wp\/v2\/pages\/17","targetHints":{"allow":["GET"]}}],"collection":[{"href":"http:\/\/mh3.cz\/index.php?rest_route=\/wp\/v2\/pages"}],"about":[{"href":"http:\/\/mh3.cz\/index.php?rest_route=\/wp\/v2\/types\/page"}],"author":[{"embeddable":true,"href":"http:\/\/mh3.cz\/index.php?rest_route=\/wp\/v2\/users\/1"}],"replies":[{"embeddable":true,"href":"http:\/\/mh3.cz\/index.php?rest_route=%2Fwp%2Fv2%2Fcomments&post=17"}],"version-history":[{"count":4,"href":"http:\/\/mh3.cz\/index.php?rest_route=\/wp\/v2\/pages\/17\/revisions"}],"predecessor-version":[{"id":85,"href":"http:\/\/mh3.cz\/index.php?rest_route=\/wp\/v2\/pages\/17\/revisions\/85"}],"wp:attachment":[{"href":"http:\/\/mh3.cz\/index.php?rest_route=%2Fwp%2Fv2%2Fmedia&parent=17"}],"curies":[{"name":"wp","href":"https:\/\/api.w.org\/{rel}","templated":true}]}}